{"id":1538,"date":"2023-10-27T18:38:57","date_gmt":"2023-10-27T18:38:57","guid":{"rendered":"https:\/\/demo.bravisthemes.com\/immigway\/?page_id=1538"},"modified":"2023-10-27T18:38:57","modified_gmt":"2023-10-27T18:38:57","slug":"services-pricing","status":"publish","type":"page","link":"https:\/\/gvic-immigration.com\/fr\/services-pricing\/","title":{"rendered":"Services Pricing"},"content":{"rendered":"<div data-elementor-type=\"wp-page\" data-elementor-id=\"1538\" class=\"elementor elementor-1538\">\n\t\t\t\t        <section class=\"elementor-section elementor-top-section elementor-element elementor-element-501b02e elementor-section-stretched elementor-section-boxed elementor-section-height-default elementor-section-height-default pxl-row-scroll-none pxl-section-overflow-visible pxl-bg-color-none pxl-section-overlay-none\" data-id=\"501b02e\" data-element_type=\"section\" data-settings=\"{&quot;stretch_section&quot;:&quot;section-stretched&quot;}\">\n\n                \n                <div class=\"elementor-container elementor-column-gap-extended\">\n                <div class=\"elementor-column elementor-col-100 elementor-top-column elementor-element elementor-element-aa147ae pxl-column-none\" data-id=\"aa147ae\" data-element_type=\"column\">\r\n        <div class=\"elementor-widget-wrap elementor-element-populated\">\r\n                     \r\n            \t\t<div class=\"elementor-element elementor-element-bfa8b7e elementor-widget elementor-widget-pxl_heading\" data-id=\"bfa8b7e\" data-element_type=\"widget\" data-widget_type=\"pxl_heading.default\">\n\t\t\t\t<div class=\"elementor-widget-container\">\n\t\t\t\t\t<div id=\"pxl-pxl_heading-bfa8b7e-4007\" class=\"pxl-heading px-sub-title-default-style\">\n\t<div class=\"pxl-heading--inner\">\n\t\t\n\t\t\t\t\t<div class=\"pxl-item--subtitle px-sub-title-default pxl-split-text split-in-left\" data-wow-delay=\"ms\">\n\t\t\t\t<span class=\"pxl-item--subtext\">\n\t\t\t\t\t\t\t\t\t\t\t<span class=\"pxl-item--icon pxl-mr-1\">\n\t\t\t\t\t\t\t<i aria-hidden=\"true\" class=\"fas fa-paper-plane\"><\/i>\t\t\t\t\t\t<\/span>\n\t\t\t\t\t\t\t\t\t\tPRICKING PACKAGES\t\t\t\t\t<span class=\"pxl-item--subdivider\"><\/span>\n\t\t\t\t<\/span>\n\t\t\t<\/div>\n\t\t\n\t\t<h2 class=\"pxl-item--title pxl-split-text split-in-left\" data-wow-delay=\"ms\">\n\t\tGet the best packages For every Exam preparation\t\t\n\t\t<\/h2>\n\n\t\t\n\t\t\n\t\t\t\t\t\t\t\t\n\t<\/div>\n<\/div>\t\t\t\t<\/div>\n\t\t\t\t<\/div>\n\t\t\t\t<div class=\"elementor-element elementor-element-2036d62 pxl-post-layout-service-4 elementor-widget elementor-widget-pxl_post_grid\" data-id=\"2036d62\" data-element_type=\"widget\" data-widget_type=\"pxl_post_grid.default\">\n\t\t\t\t<div class=\"elementor-widget-container\">\n\t\t\t\t\t\n<div id=\"pxl_post_grid-2036d62-2040\" class=\"pxl-grid pxl-service-grid pxl-service-grid-layout4 pxl-grid--3items style-1\" data-layout=\"masonry\" data-start-page=\"1\" data-max-pages=\"3\" data-total=\"7\" data-perpage=\"3\" data-next-link=\"https:\/\/gvic-immigration.com\/fr\/wp-json\/wp\/v2\/pages\/1538\/page\/2\/\">\n    \n    <div class=\"pxl-grid-inner pxl-grid-masonry row\" data-gutter=\"15\">\n                    <div class=\"pxl-grid-item col-xl-12 col-lg-12 col-md-12 col-sm-12 col-12 pte\">\n                <div class=\"pxl-item--inner\" data-wow-duration=\"1.2s\">\n                    <div class=\"wrap-content\">\n                        <div class=\"pxl-wrap-left\">\n                                                            <div class=\"pxl-item--category\">\n                                    <a href=\"https:\/\/gvic-immigration.com\/fr\/service-category\/pte\/\" rel=\"tag\">PTE<\/a>                                <\/div>\n                                                        <h3 class=\"pxl-item--title\">\n                                <a href=\"https:\/\/gvic-immigration.com\/fr\/service\/permanent-residence\/\">R\u00e9sidence permanente<\/a>\n                            <\/h3>\n                                                            <div class=\"pxl-item--content pxl-excerpt-line\" style=\"-webkit-line-clamp: 3;\">\n                                    R\u00e9alisez votre r\u00eave de vivre au Canada de fa\u00e7on permanente avec des conseils d\u2019experts \u00e0 chaque \u00e9tape du processus.                                <\/div>\n                                                    <\/div>\n                                                <div class=\"pxl-item--featured item-image\">\n                            <a class=\"pxl-wrap-link\" href=\"https:\/\/gvic-immigration.com\/fr\/service\/permanent-residence\/\"> <img fetchpriority=\"high\" decoding=\"async\" class=\"\" src=\"https:\/\/gvic-immigration.com\/wp-content\/uploads\/2025\/03\/piclumen-resident-400x280.png\" width=\"400\" height=\"280\" alt=\"piclumen-resident\" title=\"piclumen-resident\" \/><\/a>\n                        <\/div>\n                                        \n                <\/div>\n                <div class=\"wrap-right\">\n                                       <ul class=\"multi-text\">\n                                                    <li class=\"box-multi\">\n                                <i class=\"flaticon flaticon-check-mark\"><\/i>\n                                <p>PTE Exam Preparation Manual<\/p>\n                            <\/li>\n                                                    <li class=\"box-multi\">\n                                <i class=\"flaticon flaticon-check-mark\"><\/i>\n                                <p>PTE Exam Preparation Mock Test<\/p>\n                            <\/li>\n                                                    <li class=\"box-multi\">\n                                <i class=\"flaticon flaticon-check-mark\"><\/i>\n                                <p>PTE Preparation Consultation<\/p>\n                            <\/li>\n                                                    <li class=\"box-multi\">\n                                <i class=\"flaticon flaticon-check-mark\"><\/i>\n                                <p>PTE Exam Venue & Arrangement<\/p>\n                            <\/li>\n                                            <\/ul>\n                                <div class=\"pxl-item--price\">\n                                            <span class=\"pxl-service-price\">$645.00<\/span>\n                                                    <span class=\"pxl-service-price-for\">Per Attempt<\/span>\n                                                                                        <a class=\"btn btn-primary\" href=\"https:\/\/gvic-immigration.com\/fr\/service\/permanent-residence\/\">\n                            <span class=\"btn-readmore--text\">Get Started<\/span>\n                        <\/a>\n                                    <\/div>\n            <\/div>\n            \n        <\/div>\n    <\/div>\n            <div class=\"pxl-grid-item col-xl-12 col-lg-12 col-md-12 col-sm-12 col-12 toefl\">\n                <div class=\"pxl-item--inner\" data-wow-duration=\"1.2s\">\n                    <div class=\"wrap-content\">\n                        <div class=\"pxl-wrap-left\">\n                                                            <div class=\"pxl-item--category\">\n                                    <a href=\"https:\/\/gvic-immigration.com\/fr\/service-category\/toefl\/\" rel=\"tag\">Work permit<\/a>                                <\/div>\n                                                        <h3 class=\"pxl-item--title\">\n                                <a href=\"https:\/\/gvic-immigration.com\/fr\/service\/work-permit\/\">Permis de travail<\/a>\n                            <\/h3>\n                                                            <div class=\"pxl-item--content pxl-excerpt-line\" style=\"-webkit-line-clamp: 3;\">\n                                    Obtenez le soutien d\u2019experts pour obtenir votre permis de travail canadien et commencer votre parcours professionnel en toute confiance.                                <\/div>\n                                                    <\/div>\n                                                <div class=\"pxl-item--featured item-image\">\n                            <a class=\"pxl-wrap-link\" href=\"https:\/\/gvic-immigration.com\/fr\/service\/work-permit\/\"> <img decoding=\"async\" class=\"\" src=\"https:\/\/gvic-immigration.com\/wp-content\/uploads\/2023\/10\/piclumen-1744776832807-400x280.png\" width=\"400\" height=\"280\" alt=\"piclumen-1744776832807\" title=\"piclumen-1744776832807\" \/><\/a>\n                        <\/div>\n                                        \n                <\/div>\n                <div class=\"wrap-right\">\n                                       <ul class=\"multi-text\">\n                                                    <li class=\"box-multi\">\n                                <i class=\"flaticon flaticon-check-mark\"><\/i>\n                                <p>TOEFL Exam Preparation Manual<\/p>\n                            <\/li>\n                                                    <li class=\"box-multi\">\n                                <i class=\"flaticon flaticon-check-mark\"><\/i>\n                                <p>TOEFL Exam Preparation Mock Test<\/p>\n                            <\/li>\n                                                    <li class=\"box-multi\">\n                                <i class=\"flaticon flaticon-check-mark\"><\/i>\n                                <p>TOEFL Preparation Consultation<\/p>\n                            <\/li>\n                                                    <li class=\"box-multi\">\n                                <i class=\"flaticon flaticon-check-mark\"><\/i>\n                                <p>TOEFL Exam Venue & Arrangement<\/p>\n                            <\/li>\n                                            <\/ul>\n                                <div class=\"pxl-item--price\">\n                                            <span class=\"pxl-service-price\">$695.00<\/span>\n                                                    <span class=\"pxl-service-price-for\">Per Attempt<\/span>\n                                                                                        <a class=\"btn btn-primary\" href=\"https:\/\/gvic-immigration.com\/fr\/service\/work-permit\/\">\n                            <span class=\"btn-readmore--text\">Get Started<\/span>\n                        <\/a>\n                                    <\/div>\n            <\/div>\n            \n        <\/div>\n    <\/div>\n            <div class=\"pxl-grid-item col-xl-12 col-lg-12 col-md-12 col-sm-12 col-12 ielts\">\n                <div class=\"pxl-item--inner\" data-wow-duration=\"1.2s\">\n                    <div class=\"wrap-content\">\n                        <div class=\"pxl-wrap-left\">\n                                                            <div class=\"pxl-item--category\">\n                                    <a href=\"https:\/\/gvic-immigration.com\/fr\/service-category\/ielts\/\" rel=\"tag\">IELTS<\/a>                                <\/div>\n                                                        <h3 class=\"pxl-item--title\">\n                                <a href=\"https:\/\/gvic-immigration.com\/fr\/service\/citizenship\/\">Citoyennet\u00e9<\/a>\n                            <\/h3>\n                                                            <div class=\"pxl-item--content pxl-excerpt-line\" style=\"-webkit-line-clamp: 3;\">\n                                    Franchissez la derni\u00e8re \u00e9tape pour devenir Canadien avec des conseils clairs et confiants \u00e0 chaque \u00e9tape du processus.                                <\/div>\n                                                    <\/div>\n                                                <div class=\"pxl-item--featured item-image\">\n                            <a class=\"pxl-wrap-link\" href=\"https:\/\/gvic-immigration.com\/fr\/service\/citizenship\/\"> <img decoding=\"async\" class=\"\" src=\"https:\/\/gvic-immigration.com\/wp-content\/uploads\/2023\/10\/piclumen-Citoyen-400x280.png\" width=\"400\" height=\"280\" alt=\"piclumen-Citoyen\" title=\"piclumen-Citoyen\" \/><\/a>\n                        <\/div>\n                                        \n                <\/div>\n                <div class=\"wrap-right\">\n                                       <ul class=\"multi-text\">\n                                                    <li class=\"box-multi\">\n                                <i class=\"flaticon flaticon-check-mark\"><\/i>\n                                <p>IELTS Exam Preparation Manual<\/p>\n                            <\/li>\n                                                    <li class=\"box-multi\">\n                                <i class=\"flaticon flaticon-check-mark\"><\/i>\n                                <p>IELTS Exam Preparation Mock Test<\/p>\n                            <\/li>\n                                                    <li class=\"box-multi\">\n                                <i class=\"flaticon flaticon-check-mark\"><\/i>\n                                <p>IELTS Preparation Consultation<\/p>\n                            <\/li>\n                                                    <li class=\"box-multi\">\n                                <i class=\"flaticon flaticon-check-mark\"><\/i>\n                                <p>IELTS Exam Venue & Arrangement<\/p>\n                            <\/li>\n                                            <\/ul>\n                                <div class=\"pxl-item--price\">\n                                            <span class=\"pxl-service-price\">$475.00<\/span>\n                                                    <span class=\"pxl-service-price-for\">Per Attempt<\/span>\n                                                                                        <a class=\"btn btn-primary\" href=\"https:\/\/gvic-immigration.com\/fr\/service\/citizenship\/\">\n                            <span class=\"btn-readmore--text\">Get Started<\/span>\n                        <\/a>\n                                    <\/div>\n            <\/div>\n            \n        <\/div>\n    <\/div>\n        <div class=\"grid-sizer col-xl-12 col-lg-12 col-md-12 col-sm-12 col-12\"><\/div>\n    <\/div>\n        <\/div>\t\t\t\t<\/div>\n\t\t\t\t<\/div>\n\t\t            <\/div>\r\n        <\/div>\r\n        \t\t\t<\/div>\n\t\t<\/section>\n\t\t\t\t<\/div>","protected":false},"excerpt":{"rendered":"<p>PRICKING PACKAGES Get the best packages For every Exam preparation PTE PTE Exam Preparation Emphasizing practical learning and hands-on experience is an effective approach to education that yields numerous benefits for students. PTE Exam Preparation Manual PTE Exam Preparation Mock Test PTE Preparation Consultation PTE Exam Venue &amp; Arrangement $645.00 Per Attempt Get Started TOEFL [&hellip;]<\/p>","protected":false},"author":1,"featured_media":0,"parent":0,"menu_order":0,"comment_status":"closed","ping_status":"closed","template":"","meta":{"_joinchat":[],"footnotes":""},"class_list":["post-1538","page","type-page","status-publish","hentry"],"_links":{"self":[{"href":"https:\/\/gvic-immigration.com\/fr\/wp-json\/wp\/v2\/pages\/1538","targetHints":{"allow":["GET"]}}],"collection":[{"href":"https:\/\/gvic-immigration.com\/fr\/wp-json\/wp\/v2\/pages"}],"about":[{"href":"https:\/\/gvic-immigration.com\/fr\/wp-json\/wp\/v2\/types\/page"}],"author":[{"embeddable":true,"href":"https:\/\/gvic-immigration.com\/fr\/wp-json\/wp\/v2\/users\/1"}],"replies":[{"embeddable":true,"href":"https:\/\/gvic-immigration.com\/fr\/wp-json\/wp\/v2\/comments?post=1538"}],"version-history":[{"count":0,"href":"https:\/\/gvic-immigration.com\/fr\/wp-json\/wp\/v2\/pages\/1538\/revisions"}],"wp:attachment":[{"href":"https:\/\/gvic-immigration.com\/fr\/wp-json\/wp\/v2\/media?parent=1538"}],"curies":[{"name":"wp","href":"https:\/\/api.w.org\/{rel}","templated":true}]}}