{"id":230,"date":"2023-10-20T02:43:03","date_gmt":"2023-10-20T02:43:03","guid":{"rendered":"https:\/\/demo.bravisthemes.com\/immigway\/?page_id=230"},"modified":"2025-04-23T00:13:08","modified_gmt":"2025-04-23T00:13:08","slug":"our-services","status":"publish","type":"page","link":"https:\/\/gvic-immigration.com\/fr\/our-services\/","title":{"rendered":"Nos services"},"content":{"rendered":"<div data-elementor-type=\"wp-page\" data-elementor-id=\"230\" class=\"elementor elementor-230\">\n\t\t\t\t            <section class=\"elementor-section elementor-top-section elementor-element elementor-element-dc7e5ed elementor-section-stretched elementor-section-boxed elementor-section-height-default elementor-section-height-default pxl-row-scroll-none pxl-section-overflow-visible pxl-bg-color-none pxl-section-overlay-none\" data-id=\"dc7e5ed\" data-element_type=\"section\" data-settings=\"{&quot;stretch_section&quot;:&quot;section-stretched&quot;}\">\n\n                \n                <div class=\"elementor-container elementor-column-gap-extended\">\n                <div class=\"elementor-column elementor-col-100 elementor-top-column elementor-element elementor-element-6865d72 pxl-column-none\" data-id=\"6865d72\" data-element_type=\"column\">\r\n        <div class=\"elementor-widget-wrap elementor-element-populated\">\r\n                     \r\n        \t\t<div class=\"elementor-element elementor-element-f93cb02 elementor-widget elementor-widget-pxl_heading\" data-id=\"f93cb02\" data-element_type=\"widget\" data-widget_type=\"pxl_heading.default\">\n\t\t\t\t<div class=\"elementor-widget-container\">\n\t\t\t\t\t<div id=\"pxl-pxl_heading-f93cb02-8418\" class=\"pxl-heading px-sub-title-default-style\">\n\t<div class=\"pxl-heading--inner\">\n\t\t\n\t\t\t\t\t<div class=\"pxl-item--subtitle px-sub-title-default pxl-split-text split-in-left\" data-wow-delay=\"ms\">\n\t\t\t\t<span class=\"pxl-item--subtext\">\n\t\t\t\t\t\t\t\t\t\t\t<span class=\"pxl-item--icon pxl-mr-1\">\n\t\t\t\t\t\t\t<i aria-hidden=\"true\" class=\"fas fa-paper-plane\"><\/i>\t\t\t\t\t\t<\/span>\n\t\t\t\t\t\t\t\t\t\tNOS SERVICES\t\t\t\t\t<span class=\"pxl-item--subdivider\"><\/span>\n\t\t\t\t<\/span>\n\t\t\t<\/div>\n\t\t\n\t\t<h2 class=\"pxl-item--title pxl-split-text split-in-left\" data-wow-delay=\"ms\">\n\t\tChoisissez les services dont vous avez besoin dans notre liste\t\t\n\t\t<\/h2>\n\n\t\t\n\t\t\n\t\t\t\t\t\t\t\t\n\t<\/div>\n<\/div>\t\t\t\t<\/div>\n\t\t\t\t<\/div>\n\t\t\t\t<div class=\"elementor-element elementor-element-51df996 pxl-post-layout-service-2 elementor-widget elementor-widget-pxl_post_grid\" data-id=\"51df996\" data-element_type=\"widget\" data-widget_type=\"pxl_post_grid.default\">\n\t\t\t\t<div class=\"elementor-widget-container\">\n\t\t\t\t\t\n<div id=\"pxl_post_grid-51df996-3147\" class=\"pxl-grid pxl-service-grid pxl-service-grid-layout2 pxl-grid--6items\" data-layout=\"masonry\" data-start-page=\"1\" data-max-pages=\"2\" data-total=\"7\" data-perpage=\"6\" data-next-link=\"https:\/\/gvic-immigration.com\/fr\/wp-json\/wp\/v2\/pages\/230\/page\/2\/\">\n    \n    <div class=\"pxl-grid-inner pxl-grid-masonry row\" data-gutter=\"15\">\n                    <div class=\"pxl-grid-item col-xl-4 col-lg-4 col-md-6 col-sm-6 col-12 pte\">\n                <div class=\"pxl-item--inner\" data-wow-duration=\"1.2s\">\n                                        <div class=\"pxl-item--featured item-image\">\n                        <a class=\"pxl-wrap-link\" href=\"https:\/\/gvic-immigration.com\/fr\/service\/permanent-residence\/\"> <img fetchpriority=\"high\" decoding=\"async\" class=\"\" src=\"https:\/\/gvic-immigration.com\/wp-content\/uploads\/2025\/03\/piclumen-resident-410x270.png\" width=\"410\" height=\"270\" alt=\"piclumen-resident\" title=\"piclumen-resident\" \/><\/a>\n                    <\/div>\n                                <div class=\"pxl-item--holder\">\n                                       <div class=\"pxl-item--icon\">\n                        <svg xmlns=\"http:\/\/www.w3.org\/2000\/svg\" width=\"9\" height=\"9\" viewbox=\"0 0 9 9\" fill=\"none\">\n                            <path d=\"M0 9C6 9 8.5 3 9 0V9H0Z\"\/>\n                        <\/svg>\n                        <i class=\"flaticon flaticon-support\"><\/i>\n                        <svg xmlns=\"http:\/\/www.w3.org\/2000\/svg\" width=\"9\" height=\"9\" viewbox=\"0 0 9 9\" fill=\"none\">\n                            <path d=\"M9 9C3 9 0.5 3 0 0V9H9Z\"\/>\n                        <\/svg>\n                    <\/div>\n                                                <h3 class=\"pxl-item--title\">\n                    <a href=\"https:\/\/gvic-immigration.com\/fr\/service\/permanent-residence\/\">R\u00e9sidence permanente<\/a>\n                <\/h3>\n                <div class=\"pxl-line-paper\">\n\n                <\/div>\n                                    <div class=\"pxl-item--content pxl-excerpt-line\" style=\"-webkit-line-clamp: 3;\">\n                        R\u00e9alisez votre r\u00eave de vivre au Canada de fa\u00e7on permanente avec des conseils d\u2019experts \u00e0 chaque \u00e9tape du processus.                    <\/div>\n                                                    <div class=\"pxl-item--button\">\n                        <a class=\"btn--readmore\" href=\"https:\/\/gvic-immigration.com\/fr\/service\/permanent-residence\/\">\n                            <span class=\"btn-readmore--text\">View More<\/span>\n                            <span class=\"btn-readmore--icon pxl-ml-10\"><i class=\"flaticon-right-arrow-2 rtl-reverse\"><\/i><\/span>\n                        <\/a>\n                    <\/div>\n                            <\/div>\n        <\/div>\n    <\/div>\n            <div class=\"pxl-grid-item col-xl-4 col-lg-4 col-md-6 col-sm-6 col-12 toefl\">\n                <div class=\"pxl-item--inner\" data-wow-duration=\"1.2s\">\n                                        <div class=\"pxl-item--featured item-image\">\n                        <a class=\"pxl-wrap-link\" href=\"https:\/\/gvic-immigration.com\/fr\/service\/work-permit\/\"> <img decoding=\"async\" class=\"\" src=\"https:\/\/gvic-immigration.com\/wp-content\/uploads\/2023\/10\/piclumen-1744776832807-410x270.png\" width=\"410\" height=\"270\" alt=\"piclumen-1744776832807\" title=\"piclumen-1744776832807\" \/><\/a>\n                    <\/div>\n                                <div class=\"pxl-item--holder\">\n                                       <div class=\"pxl-item--icon\">\n                        <svg xmlns=\"http:\/\/www.w3.org\/2000\/svg\" width=\"9\" height=\"9\" viewbox=\"0 0 9 9\" fill=\"none\">\n                            <path d=\"M0 9C6 9 8.5 3 9 0V9H0Z\"\/>\n                        <\/svg>\n                        <i class=\"flaticon flaticon-approved\"><\/i>\n                        <svg xmlns=\"http:\/\/www.w3.org\/2000\/svg\" width=\"9\" height=\"9\" viewbox=\"0 0 9 9\" fill=\"none\">\n                            <path d=\"M9 9C3 9 0.5 3 0 0V9H9Z\"\/>\n                        <\/svg>\n                    <\/div>\n                                                <h3 class=\"pxl-item--title\">\n                    <a href=\"https:\/\/gvic-immigration.com\/fr\/service\/work-permit\/\">Permis de travail<\/a>\n                <\/h3>\n                <div class=\"pxl-line-paper\">\n\n                <\/div>\n                                    <div class=\"pxl-item--content pxl-excerpt-line\" style=\"-webkit-line-clamp: 3;\">\n                        Obtenez le soutien d\u2019experts pour obtenir votre permis de travail canadien et commencer votre parcours professionnel en toute confiance.                    <\/div>\n                                                    <div class=\"pxl-item--button\">\n                        <a class=\"btn--readmore\" href=\"https:\/\/gvic-immigration.com\/fr\/service\/work-permit\/\">\n                            <span class=\"btn-readmore--text\">View More<\/span>\n                            <span class=\"btn-readmore--icon pxl-ml-10\"><i class=\"flaticon-right-arrow-2 rtl-reverse\"><\/i><\/span>\n                        <\/a>\n                    <\/div>\n                            <\/div>\n        <\/div>\n    <\/div>\n            <div class=\"pxl-grid-item col-xl-4 col-lg-4 col-md-6 col-sm-6 col-12 ielts\">\n                <div class=\"pxl-item--inner\" data-wow-duration=\"1.2s\">\n                                        <div class=\"pxl-item--featured item-image\">\n                        <a class=\"pxl-wrap-link\" href=\"https:\/\/gvic-immigration.com\/fr\/service\/citizenship\/\"> <img decoding=\"async\" class=\"\" src=\"https:\/\/gvic-immigration.com\/wp-content\/uploads\/2023\/10\/piclumen-Citoyen-410x270.png\" width=\"410\" height=\"270\" alt=\"piclumen-Citoyen\" title=\"piclumen-Citoyen\" \/><\/a>\n                    <\/div>\n                                <div class=\"pxl-item--holder\">\n                                       <div class=\"pxl-item--icon\">\n                        <svg xmlns=\"http:\/\/www.w3.org\/2000\/svg\" width=\"9\" height=\"9\" viewbox=\"0 0 9 9\" fill=\"none\">\n                            <path d=\"M0 9C6 9 8.5 3 9 0V9H0Z\"\/>\n                        <\/svg>\n                        <i class=\"flaticon flaticon-online-learning\"><\/i>\n                        <svg xmlns=\"http:\/\/www.w3.org\/2000\/svg\" width=\"9\" height=\"9\" viewbox=\"0 0 9 9\" fill=\"none\">\n                            <path d=\"M9 9C3 9 0.5 3 0 0V9H9Z\"\/>\n                        <\/svg>\n                    <\/div>\n                                                <h3 class=\"pxl-item--title\">\n                    <a href=\"https:\/\/gvic-immigration.com\/fr\/service\/citizenship\/\">Citoyennet\u00e9<\/a>\n                <\/h3>\n                <div class=\"pxl-line-paper\">\n\n                <\/div>\n                                    <div class=\"pxl-item--content pxl-excerpt-line\" style=\"-webkit-line-clamp: 3;\">\n                        Franchissez la derni\u00e8re \u00e9tape pour devenir Canadien avec des conseils clairs et confiants \u00e0 chaque \u00e9tape du processus.                    <\/div>\n                                                    <div class=\"pxl-item--button\">\n                        <a class=\"btn--readmore\" href=\"https:\/\/gvic-immigration.com\/fr\/service\/citizenship\/\">\n                            <span class=\"btn-readmore--text\">View More<\/span>\n                            <span class=\"btn-readmore--icon pxl-ml-10\"><i class=\"flaticon-right-arrow-2 rtl-reverse\"><\/i><\/span>\n                        <\/a>\n                    <\/div>\n                            <\/div>\n        <\/div>\n    <\/div>\n            <div class=\"pxl-grid-item col-xl-4 col-lg-4 col-md-6 col-sm-6 col-12 international-education\">\n                <div class=\"pxl-item--inner\" data-wow-duration=\"1.2s\">\n                                        <div class=\"pxl-item--featured item-image\">\n                        <a class=\"pxl-wrap-link\" href=\"https:\/\/gvic-immigration.com\/fr\/service\/family-reunification\/\"> <img loading=\"lazy\" decoding=\"async\" class=\"\" src=\"https:\/\/gvic-immigration.com\/wp-content\/uploads\/2023\/10\/Family1-410x270.png\" width=\"410\" height=\"270\" alt=\"Family1\" title=\"Family1\" \/><\/a>\n                    <\/div>\n                                <div class=\"pxl-item--holder\">\n                                       <div class=\"pxl-item--icon\">\n                        <svg xmlns=\"http:\/\/www.w3.org\/2000\/svg\" width=\"9\" height=\"9\" viewbox=\"0 0 9 9\" fill=\"none\">\n                            <path d=\"M0 9C6 9 8.5 3 9 0V9H0Z\"\/>\n                        <\/svg>\n                        <i class=\"flaticon flaticon-family\"><\/i>\n                        <svg xmlns=\"http:\/\/www.w3.org\/2000\/svg\" width=\"9\" height=\"9\" viewbox=\"0 0 9 9\" fill=\"none\">\n                            <path d=\"M9 9C3 9 0.5 3 0 0V9H9Z\"\/>\n                        <\/svg>\n                    <\/div>\n                                                <h3 class=\"pxl-item--title\">\n                    <a href=\"https:\/\/gvic-immigration.com\/fr\/service\/family-reunification\/\">Regroupement Familial<\/a>\n                <\/h3>\n                <div class=\"pxl-line-paper\">\n\n                <\/div>\n                                    <div class=\"pxl-item--content pxl-excerpt-line\" style=\"-webkit-line-clamp: 3;\">\n                        Rapprochez-vous de vos proches gr\u00e2ce \u00e0 nos conseils pour une r\u00e9unification familiale r\u00e9ussie au Canada.                    <\/div>\n                                                    <div class=\"pxl-item--button\">\n                        <a class=\"btn--readmore\" href=\"https:\/\/gvic-immigration.com\/fr\/service\/family-reunification\/\">\n                            <span class=\"btn-readmore--text\">View More<\/span>\n                            <span class=\"btn-readmore--icon pxl-ml-10\"><i class=\"flaticon-right-arrow-2 rtl-reverse\"><\/i><\/span>\n                        <\/a>\n                    <\/div>\n                            <\/div>\n        <\/div>\n    <\/div>\n            <div class=\"pxl-grid-item col-xl-4 col-lg-4 col-md-6 col-sm-6 col-12 international-education\">\n                <div class=\"pxl-item--inner\" data-wow-duration=\"1.2s\">\n                                        <div class=\"pxl-item--featured item-image\">\n                        <a class=\"pxl-wrap-link\" href=\"https:\/\/gvic-immigration.com\/fr\/service\/study-permit\/\"> <img loading=\"lazy\" decoding=\"async\" class=\"\" src=\"https:\/\/gvic-immigration.com\/wp-content\/uploads\/2023\/10\/Etudiant-2-410x270.png\" width=\"410\" height=\"270\" alt=\"Etudiant 2\" title=\"Etudiant 2\" \/><\/a>\n                    <\/div>\n                                <div class=\"pxl-item--holder\">\n                                       <div class=\"pxl-item--icon\">\n                        <svg xmlns=\"http:\/\/www.w3.org\/2000\/svg\" width=\"9\" height=\"9\" viewbox=\"0 0 9 9\" fill=\"none\">\n                            <path d=\"M0 9C6 9 8.5 3 9 0V9H0Z\"\/>\n                        <\/svg>\n                        <i class=\"flaticon flaticon-student\"><\/i>\n                        <svg xmlns=\"http:\/\/www.w3.org\/2000\/svg\" width=\"9\" height=\"9\" viewbox=\"0 0 9 9\" fill=\"none\">\n                            <path d=\"M9 9C3 9 0.5 3 0 0V9H9Z\"\/>\n                        <\/svg>\n                    <\/div>\n                                                <h3 class=\"pxl-item--title\">\n                    <a href=\"https:\/\/gvic-immigration.com\/fr\/service\/study-permit\/\">Permis d'\u00e9tudes<\/a>\n                <\/h3>\n                <div class=\"pxl-line-paper\">\n\n                <\/div>\n                                    <div class=\"pxl-item--content pxl-excerpt-line\" style=\"-webkit-line-clamp: 3;\">\n                        Obtenez votre visa \u00e9tudiant et r\u00e9alisez votre r\u00eave d\u2019\u00e9tudier au Canada en toute tranquillit\u00e9 d\u2019esprit.                    <\/div>\n                                                    <div class=\"pxl-item--button\">\n                        <a class=\"btn--readmore\" href=\"https:\/\/gvic-immigration.com\/fr\/service\/study-permit\/\">\n                            <span class=\"btn-readmore--text\">View More<\/span>\n                            <span class=\"btn-readmore--icon pxl-ml-10\"><i class=\"flaticon-right-arrow-2 rtl-reverse\"><\/i><\/span>\n                        <\/a>\n                    <\/div>\n                            <\/div>\n        <\/div>\n    <\/div>\n            <div class=\"pxl-grid-item col-xl-4 col-lg-4 col-md-6 col-sm-6 col-12 immigration-services\">\n                <div class=\"pxl-item--inner\" data-wow-duration=\"1.2s\">\n                                        <div class=\"pxl-item--featured item-image\">\n                        <a class=\"pxl-wrap-link\" href=\"https:\/\/gvic-immigration.com\/fr\/service\/temporary-residence-permit\/\"> <img loading=\"lazy\" decoding=\"async\" class=\"\" src=\"https:\/\/gvic-immigration.com\/wp-content\/uploads\/2023\/10\/piclumen-Resident-temp-410x270.png\" width=\"410\" height=\"270\" alt=\"piclumen-Resident temp\" title=\"piclumen-Resident temp\" \/><\/a>\n                    <\/div>\n                                <div class=\"pxl-item--holder\">\n                                       <div class=\"pxl-item--icon\">\n                        <svg xmlns=\"http:\/\/www.w3.org\/2000\/svg\" width=\"9\" height=\"9\" viewbox=\"0 0 9 9\" fill=\"none\">\n                            <path d=\"M0 9C6 9 8.5 3 9 0V9H0Z\"\/>\n                        <\/svg>\n                        <i class=\"flaticon flaticon-personal-branding\"><\/i>\n                        <svg xmlns=\"http:\/\/www.w3.org\/2000\/svg\" width=\"9\" height=\"9\" viewbox=\"0 0 9 9\" fill=\"none\">\n                            <path d=\"M9 9C3 9 0.5 3 0 0V9H9Z\"\/>\n                        <\/svg>\n                    <\/div>\n                                                <h3 class=\"pxl-item--title\">\n                    <a href=\"https:\/\/gvic-immigration.com\/fr\/service\/temporary-residence-permit\/\">Permis de s\u00e9jour temporaire<\/a>\n                <\/h3>\n                <div class=\"pxl-line-paper\">\n\n                <\/div>\n                                    <div class=\"pxl-item--content pxl-excerpt-line\" style=\"-webkit-line-clamp: 3;\">\n                        Surmontez l\u2019inadmissibilit\u00e9 et restez l\u00e9galement au Canada gr\u00e2ce \u00e0 un permis de s\u00e9jour temporaire.                    <\/div>\n                                                    <div class=\"pxl-item--button\">\n                        <a class=\"btn--readmore\" href=\"https:\/\/gvic-immigration.com\/fr\/service\/temporary-residence-permit\/\">\n                            <span class=\"btn-readmore--text\">View More<\/span>\n                            <span class=\"btn-readmore--icon pxl-ml-10\"><i class=\"flaticon-right-arrow-2 rtl-reverse\"><\/i><\/span>\n                        <\/a>\n                    <\/div>\n                            <\/div>\n        <\/div>\n    <\/div>\n        <div class=\"grid-sizer col-xl-4 col-lg-4 col-md-6 col-sm-6 col-12\"><\/div>\n    <\/div>\n            <div class=\"pxl-grid-pagination\" data-loadmore=\"{&quot;post_type&quot;:&quot;service&quot;,&quot;layout&quot;:&quot;service-2&quot;,&quot;startPage&quot;:1,&quot;maxPages&quot;:2,&quot;total&quot;:7,&quot;perpage&quot;:6,&quot;nextLink&quot;:&quot;https:\\\/\\\/gvic-immigration.com\\\/fr\\\/wp-json\\\/wp\\\/v2\\\/pages\\\/230\\\/page\\\/2\\\/&quot;,&quot;source&quot;:&quot;&quot;,&quot;orderby&quot;:&quot;date&quot;,&quot;order&quot;:&quot;desc&quot;,&quot;limit&quot;:6,&quot;post_ids&quot;:[],&quot;col_xl&quot;:4,&quot;col_lg&quot;:4,&quot;col_md&quot;:6,&quot;col_sm&quot;:6,&quot;col_xs&quot;:12,&quot;pagination_type&quot;:&quot;pagination&quot;,&quot;show_excerpt&quot;:&quot;true&quot;,&quot;num_words&quot;:25,&quot;line_words&quot;:3,&quot;show_button&quot;:&quot;true&quot;,&quot;button_text&quot;:&quot;&quot;,&quot;img_size&quot;:&quot;&quot;,&quot;grid_masonry&quot;:&quot;&quot;,&quot;pxl_animate&quot;:&quot;&quot;,&quot;html_id&quot;:&quot;pxl_post_grid-51df996-3147&quot;,&quot;style_service_l1&quot;:&quot;style-3&quot;,&quot;h_title&quot;:&quot;&quot;,&quot;h_btn_text&quot;:&quot;&quot;,&quot;h_btn_link&quot;:{&quot;url&quot;:&quot;&quot;,&quot;is_external&quot;:&quot;&quot;,&quot;nofollow&quot;:&quot;&quot;,&quot;custom_attributes&quot;:&quot;&quot;},&quot;box_image&quot;:{&quot;url&quot;:&quot;https:\\\/\\\/gvic-immigration.com\\\/wp-content\\\/plugins\\\/elementor\\\/assets\\\/images\\\/placeholder.png&quot;,&quot;id&quot;:&quot;&quot;,&quot;size&quot;:&quot;&quot;},&quot;tax&quot;:[&quot;service-category&quot;]}\" data-query=\"{&quot;post_type&quot;:&quot;service&quot;,&quot;post_status&quot;:&quot;publish&quot;,&quot;posts_per_page&quot;:6,&quot;order&quot;:&quot;desc&quot;,&quot;orderby&quot;:&quot;date&quot;,&quot;tax_query&quot;:{&quot;relation&quot;:&quot;OR&quot;},&quot;post__not_in&quot;:[230]}\">\n                        <nav class=\"pxl-pagination-wrap ajax\">\n                <div class=\"pxl-pagination-links\">\n                    <span aria-label=\"Page 1\" aria-current=\"page\" class=\"page-numbers current\" data-no-translation-aria-label=\"\">1<\/span>\n<a aria-label=\"Page 2\" class=\"page-numbers\" href=\"#2\" data-no-translation-aria-label=\"\">2<\/a>\n<a class=\"next page-numbers\" href=\"#2\"><i class=\"caseicon-angle-arrow-right\"><\/i><\/a>                <\/div>\n            <\/nav>\n                    <\/div>\n        <\/div>\t\t\t\t<\/div>\n\t\t\t\t<\/div>\n\t\t            <\/div>\r\n        <\/div>\r\n        \t\t\t<\/div>\n\t\t<\/section>\n\t\t\t\t<\/div>","protected":false},"excerpt":{"rendered":"<p>OUR SERVICES Choose Your Required Services from our list PTE Exam Preparation Emphasizing practical learning and hands-on experience is an effective approach to education that yields numerous benefits for students. View More TOEFL Exam Preparation Emphasizing practical learning and hands-on experience is an effective approach to education that yields numerous benefits for students. View More [&hellip;]<\/p>","protected":false},"author":1,"featured_media":0,"parent":0,"menu_order":0,"comment_status":"closed","ping_status":"closed","template":"","meta":{"_joinchat":[],"footnotes":""},"class_list":["post-230","page","type-page","status-publish","hentry"],"_links":{"self":[{"href":"https:\/\/gvic-immigration.com\/fr\/wp-json\/wp\/v2\/pages\/230","targetHints":{"allow":["GET"]}}],"collection":[{"href":"https:\/\/gvic-immigration.com\/fr\/wp-json\/wp\/v2\/pages"}],"about":[{"href":"https:\/\/gvic-immigration.com\/fr\/wp-json\/wp\/v2\/types\/page"}],"author":[{"embeddable":true,"href":"https:\/\/gvic-immigration.com\/fr\/wp-json\/wp\/v2\/users\/1"}],"replies":[{"embeddable":true,"href":"https:\/\/gvic-immigration.com\/fr\/wp-json\/wp\/v2\/comments?post=230"}],"version-history":[{"count":1,"href":"https:\/\/gvic-immigration.com\/fr\/wp-json\/wp\/v2\/pages\/230\/revisions"}],"predecessor-version":[{"id":4503,"href":"https:\/\/gvic-immigration.com\/fr\/wp-json\/wp\/v2\/pages\/230\/revisions\/4503"}],"wp:attachment":[{"href":"https:\/\/gvic-immigration.com\/fr\/wp-json\/wp\/v2\/media?parent=230"}],"curies":[{"name":"wp","href":"https:\/\/api.w.org\/{rel}","templated":true}]}}