{"id":249,"date":"2023-10-20T02:47:53","date_gmt":"2023-10-20T02:47:53","guid":{"rendered":"https:\/\/demo.bravisthemes.com\/immigway\/?page_id=249"},"modified":"2025-04-14T04:27:47","modified_gmt":"2025-04-14T04:27:47","slug":"make-appointment","status":"publish","type":"page","link":"https:\/\/gvic-immigration.com\/fr\/make-appointment\/","title":{"rendered":"Prendre rendez-vous"},"content":{"rendered":"<div data-elementor-type=\"wp-page\" data-elementor-id=\"249\" class=\"elementor elementor-249\">\n\t\t\t\t        <section class=\"elementor-section elementor-top-section elementor-element elementor-element-ee00edf elementor-section-boxed elementor-section-height-default elementor-section-height-default pxl-row-scroll-none pxl-section-overflow-visible pxl-bg-color-none pxl-section-overlay-none\" data-id=\"ee00edf\" data-element_type=\"section\">\n\n                \n                <div class=\"elementor-container elementor-column-gap-default\">\n                <div class=\"elementor-column elementor-col-100 elementor-top-column elementor-element elementor-element-2f90b5f pxl-column-none\" data-id=\"2f90b5f\" data-element_type=\"column\">\r\n        <div class=\"elementor-widget-wrap elementor-element-populated\">\r\n                     \r\n            \t\t<div class=\"elementor-element elementor-element-3bf9dd5 elementor-widget elementor-widget-pxl_heading\" data-id=\"3bf9dd5\" data-element_type=\"widget\" data-widget_type=\"pxl_heading.default\">\n\t\t\t\t<div class=\"elementor-widget-container\">\n\t\t\t\t\t<div id=\"pxl-pxl_heading-3bf9dd5-6149\" class=\"pxl-heading px-sub-title-default-style\">\n\t<div class=\"pxl-heading--inner\">\n\t\t\n\t\t\t\t\t<div class=\"pxl-item--subtitle px-sub-title-default\" data-wow-delay=\"ms\">\n\t\t\t\t<span class=\"pxl-item--subtext\">\n\t\t\t\t\t\t\t\t\t\t\t<span class=\"pxl-item--icon pxl-mr-1\">\n\t\t\t\t\t\t\t<i aria-hidden=\"true\" class=\"fas fa-paper-plane\"><\/i>\t\t\t\t\t\t<\/span>\n\t\t\t\t\t\t\t\t\t\tPrendre rendez-vous\t\t\t\t\t<span class=\"pxl-item--subdivider\"><\/span>\n\t\t\t\t<\/span>\n\t\t\t<\/div>\n\t\t\n\t\t<h1 class=\"pxl-item--title\" data-wow-delay=\"ms\">\n\t\tVous souhaitez nous rencontrer pour\nvotre besoin\u00a0?\t\t\n\t\t<\/h1>\n\n\t\t\n\t\t\n\t\t\t\t\t\t\t\t\n\t<\/div>\n<\/div>\t\t\t\t<\/div>\n\t\t\t\t<\/div>\n\t\t            <\/div>\r\n        <\/div>\r\n        \t\t\t<\/div>\n\t\t<\/section>\n\t\t        <section class=\"elementor-section elementor-top-section elementor-element elementor-element-10f68fc elementor-section-boxed elementor-section-height-default elementor-section-height-default pxl-row-scroll-none pxl-section-overflow-visible pxl-bg-color-none pxl-section-overlay-none\" data-id=\"10f68fc\" data-element_type=\"section\">\n\n                \n                <div class=\"elementor-container elementor-column-gap-default\">\n                <div class=\"elementor-column elementor-col-100 elementor-top-column elementor-element elementor-element-2f673e5 pxl-column-none\" data-id=\"2f673e5\" data-element_type=\"column\">\r\n        <div class=\"elementor-widget-wrap elementor-element-populated\">\r\n                     \r\n        \t\t<div class=\"elementor-element elementor-element-56c4a02 elementor-widget elementor-widget-pxl_text_editor\" data-id=\"56c4a02\" data-element_type=\"widget\" data-widget_type=\"pxl_text_editor.default\">\n\t\t\t\t<div class=\"elementor-widget-container\">\n\t\t\t\t\t<div class=\"pxl-text-editor\">\n\t<div class=\"pxl-item--inner\" data-wow-delay=\"ms\">\n\t\t<p>Prenez rendez-vous pour une consultation personnalis\u00e9e et obtenez des r\u00e9ponses adapt\u00e9es \u00e0 votre parcours d'immigration. Que vous ayez des questions sur votre admissibilit\u00e9, besoin d'aide pour votre demande ou simplement des conseils d'experts, nous sommes l\u00e0 pour vous guider. Choisissez le moment qui vous convient et avan\u00e7ons ensemble.<\/p>\t\t\n\t<\/div>\n<\/div>\t\t\t\t<\/div>\n\t\t\t\t<\/div>\n\t\t            <\/div>\r\n        <\/div>\r\n        \t\t\t<\/div>\n\t\t<\/section>\n\t\t        <section class=\"elementor-section elementor-top-section elementor-element elementor-element-e335698 elementor-section-stretched elementor-section-boxed elementor-section-height-default elementor-section-height-default pxl-row-scroll-none pxl-section-overflow-visible pxl-bg-color-none pxl-section-overlay-none\" data-id=\"e335698\" data-element_type=\"section\" data-settings=\"{&quot;stretch_section&quot;:&quot;section-stretched&quot;}\">\n\n                \n                <div class=\"elementor-container elementor-column-gap-extended\">\n                <div class=\"elementor-column elementor-col-100 elementor-top-column elementor-element elementor-element-e4aa32b pxl-column-none\" data-id=\"e4aa32b\" data-element_type=\"column\">\r\n        <div class=\"elementor-widget-wrap elementor-element-populated\">\r\n                     \r\n        \t\t<div class=\"elementor-element elementor-element-f853176 elementor-widget elementor-widget-html\" data-id=\"f853176\" data-element_type=\"widget\" data-widget_type=\"html.default\">\n\t\t\t\t<div class=\"elementor-widget-container\">\n\t\t\t\t\t<!-- D\u00e9but de widget en ligne Calendly -->\r\n<div class=\"calendly-inline-widget\" data-url=\"https:\/\/calendly.com\/alexe-nana76\/30min?primary_color=ff2b00\" style=\"min-width:320px;height:700px;\"><\/div>\r\n<script type=\"text\/javascript\" src=\"https:\/\/assets.calendly.com\/assets\/external\/widget.js\" async><\/script>\r\n<!-- Fin de widget en ligne Calendly -->\t\t\t\t<\/div>\n\t\t\t\t<\/div>\n\t\t            <\/div>\r\n        <\/div>\r\n        \t\t\t<\/div>\n\t\t<\/section>\n\t\t\t\t<\/div>","protected":false},"excerpt":{"rendered":"<p>Make Appointment Want to meet us for your need? Book a personalized consultation with us and get answers tailored to your unique immigration journey. Whether you have questions about your eligibility, need help with an application, or simply want expert advice, we\u2019re here to guide you. Choose a time that works for you and let\u2019s [&hellip;]<\/p>","protected":false},"author":1,"featured_media":0,"parent":0,"menu_order":0,"comment_status":"closed","ping_status":"closed","template":"","meta":{"_joinchat":[],"footnotes":""},"class_list":["post-249","page","type-page","status-publish","hentry"],"_links":{"self":[{"href":"https:\/\/gvic-immigration.com\/fr\/wp-json\/wp\/v2\/pages\/249","targetHints":{"allow":["GET"]}}],"collection":[{"href":"https:\/\/gvic-immigration.com\/fr\/wp-json\/wp\/v2\/pages"}],"about":[{"href":"https:\/\/gvic-immigration.com\/fr\/wp-json\/wp\/v2\/types\/page"}],"author":[{"embeddable":true,"href":"https:\/\/gvic-immigration.com\/fr\/wp-json\/wp\/v2\/users\/1"}],"replies":[{"embeddable":true,"href":"https:\/\/gvic-immigration.com\/fr\/wp-json\/wp\/v2\/comments?post=249"}],"version-history":[{"count":13,"href":"https:\/\/gvic-immigration.com\/fr\/wp-json\/wp\/v2\/pages\/249\/revisions"}],"predecessor-version":[{"id":4798,"href":"https:\/\/gvic-immigration.com\/fr\/wp-json\/wp\/v2\/pages\/249\/revisions\/4798"}],"wp:attachment":[{"href":"https:\/\/gvic-immigration.com\/fr\/wp-json\/wp\/v2\/media?parent=249"}],"curies":[{"name":"wp","href":"https:\/\/api.w.org\/{rel}","templated":true}]}}