{"id":253,"date":"2023-10-20T02:48:35","date_gmt":"2023-10-20T02:48:35","guid":{"rendered":"https:\/\/demo.bravisthemes.com\/immigway\/?page_id=253"},"modified":"2025-04-23T12:50:11","modified_gmt":"2025-04-23T12:50:11","slug":"contact-us-2","status":"publish","type":"page","link":"https:\/\/gvic-immigration.com\/fr\/contact-us-2\/","title":{"rendered":"Contact"},"content":{"rendered":"<div data-elementor-type=\"wp-page\" data-elementor-id=\"253\" class=\"elementor elementor-253\">\n\t\t\t\t            <section class=\"elementor-section elementor-top-section elementor-element elementor-element-0ea5f7c elementor-section-stretched elementor-section-boxed elementor-section-height-default elementor-section-height-default pxl-row-scroll-none pxl-section-overflow-visible pxl-bg-color-none pxl-section-overlay-none\" data-id=\"0ea5f7c\" data-element_type=\"section\" data-settings=\"{&quot;stretch_section&quot;:&quot;section-stretched&quot;}\">\n\n                \n                <div class=\"elementor-container elementor-column-gap-extended\">\n                <div class=\"elementor-column elementor-col-33 elementor-top-column elementor-element elementor-element-20fd9e2 pxl-column-none\" data-id=\"20fd9e2\" data-element_type=\"column\">\r\n        <div class=\"elementor-widget-wrap elementor-element-populated\">\r\n                     \r\n        \t\t<div class=\"elementor-element elementor-element-3a29402 elementor-widget elementor-widget-pxl_image_box\" data-id=\"3a29402\" data-element_type=\"widget\" data-widget_type=\"pxl_image_box.default\">\n\t\t\t\t<div class=\"elementor-widget-container\">\n\t\t\t\t\t<div class=\"pxl-image-box pxl-image-box1\" data-wow-delay=\"ms\">\r\n\t<div class=\"pxl-banner-inner\">\r\n\t\t\t\t\t<div class=\"pxl-item--image\">\r\n\t\t\t\t<img fetchpriority=\"high\" decoding=\"async\" width=\"1024\" height=\"1024\" src=\"https:\/\/gvic-immigration.com\/wp-content\/uploads\/2025\/04\/piclumen-Agent.png\" class=\"attachment-full\" alt=\"\" srcset=\"https:\/\/gvic-immigration.com\/wp-content\/uploads\/2025\/04\/piclumen-Agent.png 1024w, https:\/\/gvic-immigration.com\/wp-content\/uploads\/2025\/04\/piclumen-Agent-300x300.png 300w, https:\/\/gvic-immigration.com\/wp-content\/uploads\/2025\/04\/piclumen-Agent-150x150.png 150w, https:\/\/gvic-immigration.com\/wp-content\/uploads\/2025\/04\/piclumen-Agent-768x768.png 768w, https:\/\/gvic-immigration.com\/wp-content\/uploads\/2025\/04\/piclumen-Agent-750x750.png 750w, https:\/\/gvic-immigration.com\/wp-content\/uploads\/2025\/04\/piclumen-Agent-600x600.png 600w\" sizes=\"(max-width: 1024px) 100vw, 1024px\" \/>\t\t\t<\/div>\r\n\t\t\t\t<div class=\"pxl-item--holder\">\r\n\t\t\t\t            <div class=\"pxl-item--icon\">\r\n\t                <i aria-hidden=\"true\" class=\"flaticon flaticon-mail\"><\/i>\t            <\/div>\r\n\t        \t        \t\t\t\t<h5 class=\"pxl-item--title\">\r\n\t\t\t\t\tEnvoyez-Nous un Courrier\t\t\t\t<\/h5>\r\n\t\t\t\t\t\t\t\t\t\t<div class=\"pxl-item--content\">\r\n\t\t\t\t\tinfo@gvic-immigration.com<br\/>\n\t\t\t\t<\/div>\r\n\t\t\t\t\t<\/div>\r\n\t<\/div>\r\n<\/div>\t\t\t\t<\/div>\n\t\t\t\t<\/div>\n\t\t            <\/div>\r\n        <\/div>\r\n                <div class=\"elementor-column elementor-col-33 elementor-top-column elementor-element elementor-element-2679867 pxl-column-none\" data-id=\"2679867\" data-element_type=\"column\">\r\n        <div class=\"elementor-widget-wrap elementor-element-populated\">\r\n                     \r\n        \t\t<div class=\"elementor-element elementor-element-b3b78f5 elementor-widget elementor-widget-pxl_image_box\" data-id=\"b3b78f5\" data-element_type=\"widget\" data-widget_type=\"pxl_image_box.default\">\n\t\t\t\t<div class=\"elementor-widget-container\">\n\t\t\t\t\t<div class=\"pxl-image-box pxl-image-box1\" data-wow-delay=\"ms\">\r\n\t<div class=\"pxl-banner-inner\">\r\n\t\t\t\t\t<div class=\"pxl-item--image\">\r\n\t\t\t\t<img decoding=\"async\" width=\"1024\" height=\"1024\" src=\"https:\/\/gvic-immigration.com\/wp-content\/uploads\/2025\/04\/piclumen-Support.png\" class=\"attachment-full\" alt=\"\" srcset=\"https:\/\/gvic-immigration.com\/wp-content\/uploads\/2025\/04\/piclumen-Support.png 1024w, https:\/\/gvic-immigration.com\/wp-content\/uploads\/2025\/04\/piclumen-Support-300x300.png 300w, https:\/\/gvic-immigration.com\/wp-content\/uploads\/2025\/04\/piclumen-Support-150x150.png 150w, https:\/\/gvic-immigration.com\/wp-content\/uploads\/2025\/04\/piclumen-Support-768x768.png 768w, https:\/\/gvic-immigration.com\/wp-content\/uploads\/2025\/04\/piclumen-Support-750x750.png 750w, https:\/\/gvic-immigration.com\/wp-content\/uploads\/2025\/04\/piclumen-Support-600x600.png 600w\" sizes=\"(max-width: 1024px) 100vw, 1024px\" \/>\t\t\t<\/div>\r\n\t\t\t\t<div class=\"pxl-item--holder\">\r\n\t\t\t\t            <div class=\"pxl-item--icon\">\r\n\t                <i aria-hidden=\"true\" class=\"flaticon flaticon-telephone-call\"><\/i>\t            <\/div>\r\n\t        \t        \t\t\t\t<h5 class=\"pxl-item--title\">\r\n\t\t\t\t\tAppelez-nous \u00e0 tout moment \t\t\t\t<\/h5>\r\n\t\t\t\t\t\t\t\t\t\t<div class=\"pxl-item--content\">\r\n\t\t\t\t\t(+1) 819 329 9732<br\/>\n(+1) 819 329 9471\t\t\t\t<\/div>\r\n\t\t\t\t\t<\/div>\r\n\t<\/div>\r\n<\/div>\t\t\t\t<\/div>\n\t\t\t\t<\/div>\n\t\t            <\/div>\r\n        <\/div>\r\n                <div class=\"elementor-column elementor-col-33 elementor-top-column elementor-element elementor-element-20fd1b6 pxl-column-none\" data-id=\"20fd1b6\" data-element_type=\"column\">\r\n        <div class=\"elementor-widget-wrap elementor-element-populated\">\r\n                     \r\n        \t\t<div class=\"elementor-element elementor-element-22ff876 elementor-widget elementor-widget-pxl_image_box\" data-id=\"22ff876\" data-element_type=\"widget\" data-widget_type=\"pxl_image_box.default\">\n\t\t\t\t<div class=\"elementor-widget-container\">\n\t\t\t\t\t<div class=\"pxl-image-box pxl-image-box1\" data-wow-delay=\"ms\">\r\n\t<div class=\"pxl-banner-inner\">\r\n\t\t\t\t\t<div class=\"pxl-item--image\">\r\n\t\t\t\t<img decoding=\"async\" width=\"1024\" height=\"1024\" src=\"https:\/\/gvic-immigration.com\/wp-content\/uploads\/2025\/04\/piclumen-Employes.png\" class=\"attachment-full\" alt=\"\" srcset=\"https:\/\/gvic-immigration.com\/wp-content\/uploads\/2025\/04\/piclumen-Employes.png 1024w, https:\/\/gvic-immigration.com\/wp-content\/uploads\/2025\/04\/piclumen-Employes-300x300.png 300w, https:\/\/gvic-immigration.com\/wp-content\/uploads\/2025\/04\/piclumen-Employes-150x150.png 150w, https:\/\/gvic-immigration.com\/wp-content\/uploads\/2025\/04\/piclumen-Employes-768x768.png 768w, https:\/\/gvic-immigration.com\/wp-content\/uploads\/2025\/04\/piclumen-Employes-750x750.png 750w, https:\/\/gvic-immigration.com\/wp-content\/uploads\/2025\/04\/piclumen-Employes-600x600.png 600w\" sizes=\"(max-width: 1024px) 100vw, 1024px\" \/>\t\t\t<\/div>\r\n\t\t\t\t<div class=\"pxl-item--holder\">\r\n\t\t\t\t            <div class=\"pxl-item--icon\">\r\n\t                <i aria-hidden=\"true\" class=\"flaticon flaticon-residential\"><\/i>\t            <\/div>\r\n\t        \t        \t\t\t\t<h5 class=\"pxl-item--title\">\r\n\t\t\t\t\tVisitez notre bureau\t\t\t\t<\/h5>\r\n\t\t\t\t\t\t\t\t\t\t<div class=\"pxl-item--content\">\r\n\t\t\t\t\t1053 Rue Des Algonquins, Qu\u00e9bec <br\/>Canada\t\t\t\t<\/div>\r\n\t\t\t\t\t<\/div>\r\n\t<\/div>\r\n<\/div>\t\t\t\t<\/div>\n\t\t\t\t<\/div>\n\t\t            <\/div>\r\n        <\/div>\r\n        \t\t\t<\/div>\n\t\t<\/section>\n\t\t        <section class=\"elementor-section elementor-top-section elementor-element elementor-element-bf9622f elementor-section-stretched elementor-section-boxed elementor-section-height-default elementor-section-height-default pxl-row-scroll-none pxl-section-overflow-visible pxl-bg-color-none pxl-section-overlay-none\" data-id=\"bf9622f\" data-element_type=\"section\" data-settings=\"{&quot;stretch_section&quot;:&quot;section-stretched&quot;}\">\n\n                \n                <div class=\"elementor-container elementor-column-gap-extended\">\n                <div class=\"elementor-column elementor-col-100 elementor-top-column elementor-element elementor-element-a0cf00e pxl-column-none\" data-id=\"a0cf00e\" data-element_type=\"column\">\r\n        <div class=\"elementor-widget-wrap elementor-element-populated\">\r\n                     \r\n        \t\t<div class=\"elementor-element elementor-element-9f1225b elementor-widget elementor-widget-google_maps\" data-id=\"9f1225b\" data-element_type=\"widget\" data-widget_type=\"google_maps.default\">\n\t\t\t\t<div class=\"elementor-widget-container\">\n\t\t\t\t\t\t\t<div class=\"elementor-custom-embed\">\n\t\t\t<iframe loading=\"lazy\"\n\t\t\t\t\tsrc=\"https:\/\/maps.google.com\/maps?q=London%20Eye%2C%20London%2C%20United%20Kingdom&#038;t=m&#038;z=10&#038;output=embed&#038;iwloc=near\"\n\t\t\t\t\ttitle=\"London Eye, London, United Kingdom\"\n\t\t\t\t\taria-label=\"London Eye, London, United Kingdom\"\n\t\t\t><\/iframe>\n\t\t<\/div>\n\t\t\t\t\t\t<\/div>\n\t\t\t\t<\/div>\n\t\t            <\/div>\r\n        <\/div>\r\n        \t\t\t<\/div>\n\t\t<\/section>\n\t\t        <section class=\"elementor-section elementor-top-section elementor-element elementor-element-c8774e9 elementor-section-boxed elementor-section-height-default elementor-section-height-default pxl-row-scroll-none pxl-section-overflow-visible pxl-bg-color-none pxl-section-overlay-none\" data-id=\"c8774e9\" data-element_type=\"section\">\n\n                \n                <div class=\"elementor-container elementor-column-gap-default\">\n                <div class=\"elementor-column elementor-col-100 elementor-top-column elementor-element elementor-element-6c52b44 pxl-column-none\" data-id=\"6c52b44\" data-element_type=\"column\">\r\n        <div class=\"elementor-widget-wrap elementor-element-populated\">\r\n                     \r\n        \t\t<div class=\"elementor-element elementor-element-8c31345 elementor-widget elementor-widget-pxl_heading\" data-id=\"8c31345\" data-element_type=\"widget\" data-widget_type=\"pxl_heading.default\">\n\t\t\t\t<div class=\"elementor-widget-container\">\n\t\t\t\t\t<div id=\"pxl-pxl_heading-8c31345-3726\" class=\"pxl-heading px-sub-title-default-style\">\n\t<div class=\"pxl-heading--inner\">\n\t\t\n\t\t\t\t\t<div class=\"pxl-item--subtitle px-sub-title-default\" data-wow-delay=\"ms\">\n\t\t\t\t<span class=\"pxl-item--subtext\">\n\t\t\t\t\t\t\t\t\t\t\t<span class=\"pxl-item--icon pxl-mr-1\">\n\t\t\t\t\t\t\t<i aria-hidden=\"true\" class=\"fas fa-paper-plane\"><\/i>\t\t\t\t\t\t<\/span>\n\t\t\t\t\t\t\t\t\t\tPrendre rendez-vous\t\t\t\t\t<span class=\"pxl-item--subdivider\"><\/span>\n\t\t\t\t<\/span>\n\t\t\t<\/div>\n\t\t\n\t\t<h1 class=\"pxl-item--title\" data-wow-delay=\"ms\">\n\t\tVous souhaitez nous rencontrer pour\nvotre besoin\u00a0?\t\t\n\t\t<\/h1>\n\n\t\t\n\t\t\n\t\t\t\t\t\t\t\t\n\t<\/div>\n<\/div>\t\t\t\t<\/div>\n\t\t\t\t<\/div>\n\t\t            <\/div>\r\n        <\/div>\r\n        \t\t\t<\/div>\n\t\t<\/section>\n\t\t        <section class=\"elementor-section elementor-top-section elementor-element elementor-element-bea1d1a elementor-section-boxed elementor-section-height-default elementor-section-height-default pxl-row-scroll-none pxl-section-overflow-visible pxl-bg-color-none pxl-section-overlay-none\" data-id=\"bea1d1a\" data-element_type=\"section\">\n\n                \n                <div class=\"elementor-container elementor-column-gap-default\">\n                <div class=\"elementor-column elementor-col-100 elementor-top-column elementor-element elementor-element-a10afff pxl-column-none\" data-id=\"a10afff\" data-element_type=\"column\">\r\n        <div class=\"elementor-widget-wrap elementor-element-populated\">\r\n                     \r\n        \t\t<div class=\"elementor-element elementor-element-bd52054 elementor-widget elementor-widget-pxl_text_editor\" data-id=\"bd52054\" data-element_type=\"widget\" data-widget_type=\"pxl_text_editor.default\">\n\t\t\t\t<div class=\"elementor-widget-container\">\n\t\t\t\t\t<div class=\"pxl-text-editor\">\n\t<div class=\"pxl-item--inner\" data-wow-delay=\"ms\">\n\t\t<p>Prenez rendez-vous pour une consultation personnalis\u00e9e et obtenez des r\u00e9ponses adapt\u00e9es \u00e0 votre parcours d'immigration. Que vous ayez des questions sur votre admissibilit\u00e9, besoin d'aide pour votre demande ou simplement des conseils d'experts, nous sommes l\u00e0 pour vous guider. Choisissez le moment qui vous convient et avan\u00e7ons ensemble.<\/p>\t\t\n\t<\/div>\n<\/div>\t\t\t\t<\/div>\n\t\t\t\t<\/div>\n\t\t            <\/div>\r\n        <\/div>\r\n        \t\t\t<\/div>\n\t\t<\/section>\n\t\t        <section class=\"elementor-section elementor-top-section elementor-element elementor-element-fdf9b10 elementor-section-stretched elementor-section-boxed elementor-section-height-default elementor-section-height-default pxl-row-scroll-none pxl-section-overflow-visible pxl-bg-color-none pxl-section-overlay-none\" data-id=\"fdf9b10\" data-element_type=\"section\" data-settings=\"{&quot;stretch_section&quot;:&quot;section-stretched&quot;}\">\n\n                \n                <div class=\"elementor-container elementor-column-gap-extended\">\n                <div class=\"elementor-column elementor-col-100 elementor-top-column elementor-element elementor-element-ec4667a pxl-column-none\" data-id=\"ec4667a\" data-element_type=\"column\">\r\n        <div class=\"elementor-widget-wrap elementor-element-populated\">\r\n                     \r\n        \t\t<div class=\"elementor-element elementor-element-ca7041b elementor-widget elementor-widget-html\" data-id=\"ca7041b\" data-element_type=\"widget\" data-widget_type=\"html.default\">\n\t\t\t\t<div class=\"elementor-widget-container\">\n\t\t\t\t\t<!-- D\u00e9but de widget en ligne Calendly -->\r\n<div class=\"calendly-inline-widget\" data-url=\"https:\/\/calendly.com\/alexe-nana76\/30min?primary_color=ff2b00\" style=\"min-width:320px;height:700px;\"><\/div>\r\n<script type=\"text\/javascript\" src=\"https:\/\/assets.calendly.com\/assets\/external\/widget.js\" async><\/script>\r\n<!-- Fin de widget en ligne Calendly -->\t\t\t\t<\/div>\n\t\t\t\t<\/div>\n\t\t            <\/div>\r\n        <\/div>\r\n        \t\t\t<\/div>\n\t\t<\/section>\n\t\t        <section class=\"elementor-section elementor-top-section elementor-element elementor-element-a6a0583 elementor-section-boxed elementor-section-height-default elementor-section-height-default pxl-row-scroll-none pxl-section-overflow-visible pxl-bg-color-none pxl-section-overlay-none\" data-id=\"a6a0583\" data-element_type=\"section\">\n\n                \n                <div class=\"elementor-container elementor-column-gap-default\">\n                <div class=\"elementor-column elementor-col-100 elementor-top-column elementor-element elementor-element-b2b80c5 pxl-column-none\" data-id=\"b2b80c5\" data-element_type=\"column\">\r\n        <div class=\"elementor-widget-wrap elementor-element-populated\">\r\n                     \r\n        \t\t<div class=\"elementor-element elementor-element-a281e05 elementor-widget__width-auto elementor-widget-laptop__width-initial elementor-widget elementor-widget-pxl_heading\" data-id=\"a281e05\" data-element_type=\"widget\" data-widget_type=\"pxl_heading.default\">\n\t\t\t\t<div class=\"elementor-widget-container\">\n\t\t\t\t\t<div id=\"pxl-pxl_heading-a281e05-5510\" class=\"pxl-heading px-sub-title-default-style\">\n\t<div class=\"pxl-heading--inner\">\n\t\t\n\t\t\n\t\t<h1 class=\"pxl-item--title\" data-wow-delay=\"ms\">\n\t\t\u00c9crivez-nous ce que vous voulez savoir\t\t\n\t\t<\/h1>\n\n\t\t\n\t\t\n\t\t\t\t\t\t\t\t\n\t<\/div>\n<\/div>\t\t\t\t<\/div>\n\t\t\t\t<\/div>\n\t\t            <\/div>\r\n        <\/div>\r\n        \t\t\t<\/div>\n\t\t<\/section>\n\t\t        <section class=\"elementor-section elementor-top-section elementor-element elementor-element-07bbd7b elementor-section-boxed elementor-section-height-default elementor-section-height-default pxl-row-scroll-none pxl-section-overflow-visible pxl-bg-color-none pxl-section-overlay-none\" data-id=\"07bbd7b\" data-element_type=\"section\">\n\n                \n                <div class=\"elementor-container elementor-column-gap-default\">\n                <div class=\"elementor-column elementor-col-100 elementor-top-column elementor-element elementor-element-4456827 pxl-column-none\" data-id=\"4456827\" data-element_type=\"column\">\r\n        <div class=\"elementor-widget-wrap elementor-element-populated\">\r\n                     \r\n        \t\t<div class=\"elementor-element elementor-element-65c6d06 elementor-widget elementor-widget-pxl_contact_form\" data-id=\"65c6d06\" data-element_type=\"widget\" data-widget_type=\"pxl_contact_form.default\">\n\t\t\t\t<div class=\"elementor-widget-container\">\n\t\t\t\t\t    <div class=\"pxl-contact-form pxl-contact-form1 btn-w-auto\" data-wow-delay=\"ms\">\r\n        \n<div class=\"wpcf7 no-js\" id=\"wpcf7-f926-o1\" lang=\"en-US\" dir=\"ltr\" data-wpcf7-id=\"926\">\n<div class=\"screen-reader-response\"><p role=\"status\" aria-live=\"polite\" aria-atomic=\"true\"><\/p> <ul><\/ul><\/div>\n<form action=\"\/fr\/wp-json\/wp\/v2\/pages\/253#wpcf7-f926-o1\" method=\"post\" class=\"wpcf7-form init\" aria-label=\"Contact form\" novalidate=\"novalidate\" data-status=\"init\" data-trp-original-action=\"\/fr\/wp-json\/wp\/v2\/pages\/253#wpcf7-f926-o1\">\n<div style=\"display: none;\">\n<input type=\"hidden\" name=\"_wpcf7\" value=\"926\" \/>\n<input type=\"hidden\" name=\"_wpcf7_version\" value=\"6.0.6\" \/>\n<input type=\"hidden\" name=\"_wpcf7_locale\" value=\"en_US\" \/>\n<input type=\"hidden\" name=\"_wpcf7_unit_tag\" value=\"wpcf7-f926-o1\" \/>\n<input type=\"hidden\" name=\"_wpcf7_container_post\" value=\"0\" \/>\n<input type=\"hidden\" name=\"_wpcf7_posted_data_hash\" value=\"\" \/>\n<\/div>\n<div class=\"row\">\n\t<div class=\"col-lg-6 col-md-6 col-sm-12\">\n\t\t<div class=\"pxl--item\">\n\t\t\t<p><span class=\"wpcf7-form-control-wrap\" data-name=\"your-name\"><input size=\"40\" maxlength=\"400\" class=\"wpcf7-form-control wpcf7-text wpcf7-validates-as-required\" aria-required=\"true\" aria-invalid=\"false\" placeholder=\"Votre nom complet\" value=\"\" type=\"text\" name=\"your-name\" \/><\/span>\n\t\t\t<\/p>\n\t\t<\/div>\n\t<\/div>\n\t<div class=\"col-lg-6 col-md-6 col-sm-12\">\n\t\t<div class=\"pxl--item\">\n\t\t\t<p><span class=\"wpcf7-form-control-wrap\" data-name=\"your-email\"><input size=\"40\" maxlength=\"400\" class=\"wpcf7-form-control wpcf7-email wpcf7-validates-as-required wpcf7-text wpcf7-validates-as-email\" aria-required=\"true\" aria-invalid=\"false\" placeholder=\"Adresse email\" value=\"\" type=\"email\" name=\"your-email\" \/><\/span>\n\t\t\t<\/p>\n\t\t<\/div>\n\t<\/div>\n<\/div>\n<div class=\"row\">\n\t<div class=\"col-lg-12 col-md-12 col-sm-12\">\n\t\t<div class=\"pxl--item\">\n\t\t\t<p><span class=\"wpcf7-form-control-wrap\" data-name=\"your-subject\"><input size=\"40\" maxlength=\"400\" class=\"wpcf7-form-control wpcf7-text wpcf7-validates-as-required\" aria-required=\"true\" aria-invalid=\"false\" placeholder=\"Sujet\" value=\"\" type=\"text\" name=\"your-subject\" \/><\/span>\n\t\t\t<\/p>\n\t\t<\/div>\n\t<\/div>\n<\/div>\n<div class=\"pxl--item\">\n\t<p><span class=\"wpcf7-form-control-wrap\" data-name=\"your-message\"><textarea cols=\"40\" rows=\"10\" maxlength=\"2000\" class=\"wpcf7-form-control wpcf7-textarea wpcf7-validates-as-required\" aria-required=\"true\" aria-invalid=\"false\" placeholder=\"Texte\" name=\"your-message\"><\/textarea><\/span>\n\t<\/p>\n<\/div>\n<div class=\"pxl--item pxl-text-left\">\n\t<p><button type=\"submit\" class=\"wpcf7-submit btn btn-skew\"><span>Soumettre<\/span><\/button>\n\t<\/p>\n<\/div><div class=\"wpcf7-response-output\" aria-hidden=\"true\"><\/div>\n<input type=\"hidden\" name=\"trp-form-language\" value=\"fr\"\/><\/form>\n<\/div>\n    <\/div>\r\n\t\t\t\t<\/div>\n\t\t\t\t<\/div>\n\t\t            <\/div>\r\n        <\/div>\r\n        \t\t\t<\/div>\n\t\t<\/section>\n\t\t\t\t<\/div>","protected":false},"excerpt":{"rendered":"<p>Send Us Mail info@gvic-immigration.com Call Us Anytime (+1) 819 329 9732 (+1) 819 329 9471 Visit Our Office 1053 Rue Des Algonquins, Qu\u00e9bec Canada Make Appointment Want to meet us for your need? Book a personalized consultation with us and get answers tailored to your unique immigration journey. Whether you have questions about your eligibility, [&hellip;]<\/p>","protected":false},"author":1,"featured_media":0,"parent":0,"menu_order":0,"comment_status":"closed","ping_status":"closed","template":"","meta":{"_joinchat":[],"footnotes":""},"class_list":["post-253","page","type-page","status-publish","hentry"],"_links":{"self":[{"href":"https:\/\/gvic-immigration.com\/fr\/wp-json\/wp\/v2\/pages\/253","targetHints":{"allow":["GET"]}}],"collection":[{"href":"https:\/\/gvic-immigration.com\/fr\/wp-json\/wp\/v2\/pages"}],"about":[{"href":"https:\/\/gvic-immigration.com\/fr\/wp-json\/wp\/v2\/types\/page"}],"author":[{"embeddable":true,"href":"https:\/\/gvic-immigration.com\/fr\/wp-json\/wp\/v2\/users\/1"}],"replies":[{"embeddable":true,"href":"https:\/\/gvic-immigration.com\/fr\/wp-json\/wp\/v2\/comments?post=253"}],"version-history":[{"count":17,"href":"https:\/\/gvic-immigration.com\/fr\/wp-json\/wp\/v2\/pages\/253\/revisions"}],"predecessor-version":[{"id":5086,"href":"https:\/\/gvic-immigration.com\/fr\/wp-json\/wp\/v2\/pages\/253\/revisions\/5086"}],"wp:attachment":[{"href":"https:\/\/gvic-immigration.com\/fr\/wp-json\/wp\/v2\/media?parent=253"}],"curies":[{"name":"wp","href":"https:\/\/api.w.org\/{rel}","templated":true}]}}